{"id":46,"date":"2015-05-25T18:50:32","date_gmt":"2015-05-25T18:50:32","guid":{"rendered":"http:\/\/sorocaba.sp.gov.br\/melhorcidade\/?page_id=46"},"modified":"2023-05-25T15:40:18","modified_gmt":"2023-05-25T15:40:18","slug":"viadutoitangua","status":"publish","type":"page","link":"https:\/\/sorocaba.sp.gov.br\/obras\/viadutoitangua\/","title":{"rendered":"Viaduto Itangu\u00e1"},"content":{"rendered":"<div class=\"container\">\n<div class=\"row\">\n<div class=\"col-md-9\">\n<p><strong>Viaduto na Avenida Am\u00e9rico Figueiredo <\/strong><\/p>\n<p><span style=\"color: #0000ff;\"><strong>Em andamento<\/strong><\/span><\/p>\n<p style=\"text-align: justify;\">As obras de constru\u00e7\u00e3o do viaduto na Avenida Am\u00e9rico Figueiredo entraram na fase final e seguem dentro do prazo. O dispositivo ter\u00e1 290 metros de extens\u00e3o, 9,40 metros de largura, com duas pistas de tr\u00e1fego.<\/p>\n<p style=\"text-align: justify;\">O viaduto \u00e9 parte do contrato de execu\u00e7\u00e3o do primeiro trecho de implanta\u00e7\u00e3o da Avenida Marginal Itangu\u00e1, cujo trajeto inicial, ligando a Avenida Ad\u00e3o Pereira de Camargo \u00e0 Avenida Am\u00e9rico Figueiredo, j\u00e1 foi entregue. O empreendimento \u00e9 executado pela empresa JOFEGE Pavimenta\u00e7\u00e3o e Constru\u00e7\u00e3o Ltda. O valor total \u00e9 de aproximadamente R$ 10,9 milh\u00f5es, viabilizado por meio de recursos de financiamento do Banco de Desenvolvimento da Am\u00e9rica Latina (CAF).<\/p>\n<p style=\"text-align: justify;\"><a href=\"http:\/\/sorocaba.sp.gov.br\/melhorcidade\/wp-content\/uploads\/sites\/84\/2015\/04\/Viaduto-Itangu\u00e1-1.jpg\"><img loading=\"lazy\" decoding=\"async\" class=\"alignnone size-medium wp-image-631\" src=\"http:\/\/sorocaba.sp.gov.br\/melhorcidade\/wp-content\/uploads\/sites\/84\/2015\/04\/Viaduto-Itangu\u00e1-1-470x258.jpg\" alt=\"Viaduto Itangu\u00e1\" width=\"470\" height=\"258\" srcset=\"https:\/\/sorocaba.sp.gov.br\/obras\/wp-content\/uploads\/sites\/84\/2015\/04\/Viaduto-Itangu\u00e1-1-470x258.jpg 470w, https:\/\/sorocaba.sp.gov.br\/obras\/wp-content\/uploads\/sites\/84\/2015\/04\/Viaduto-Itangu\u00e1-1-768x421.jpg 768w, https:\/\/sorocaba.sp.gov.br\/obras\/wp-content\/uploads\/sites\/84\/2015\/04\/Viaduto-Itangu\u00e1-1-970x532.jpg 970w, https:\/\/sorocaba.sp.gov.br\/obras\/wp-content\/uploads\/sites\/84\/2015\/04\/Viaduto-Itangu\u00e1-1.jpg 1600w\" sizes=\"auto, (max-width: 470px) 100vw, 470px\" \/><\/a><br \/>\nFoto: Maio\/2023<\/p>\n<\/div>\n<\/div>\n<\/div>\n","protected":false},"excerpt":{"rendered":"<p>Viaduto na Avenida Am\u00e9rico Figueiredo Em andamento As obras de constru\u00e7\u00e3o do viaduto na Avenida Am\u00e9rico Figueiredo entraram na fase final e seguem dentro do prazo. O dispositivo ter\u00e1 290 metros de extens\u00e3o, 9,40 metros de largura, com duas pistas de tr\u00e1fego. O viaduto \u00e9 parte do contrato de execu\u00e7\u00e3o do primeiro trecho de implanta\u00e7\u00e3o&nbsp; <a href=\"https:\/\/sorocaba.sp.gov.br\/obras\/viadutoitangua\/\">&hellip; Leia mais<\/a><\/p>\n","protected":false},"author":1,"featured_media":0,"parent":0,"menu_order":0,"comment_status":"open","ping_status":"closed","template":"","meta":{"footnotes":""},"class_list":["post-46","page","type-page","status-publish","hentry"],"_links":{"self":[{"href":"https:\/\/sorocaba.sp.gov.br\/obras\/wp-json\/wp\/v2\/pages\/46","targetHints":{"allow":["GET"]}}],"collection":[{"href":"https:\/\/sorocaba.sp.gov.br\/obras\/wp-json\/wp\/v2\/pages"}],"about":[{"href":"https:\/\/sorocaba.sp.gov.br\/obras\/wp-json\/wp\/v2\/types\/page"}],"author":[{"embeddable":true,"href":"https:\/\/sorocaba.sp.gov.br\/obras\/wp-json\/wp\/v2\/users\/1"}],"replies":[{"embeddable":true,"href":"https:\/\/sorocaba.sp.gov.br\/obras\/wp-json\/wp\/v2\/comments?post=46"}],"version-history":[{"count":10,"href":"https:\/\/sorocaba.sp.gov.br\/obras\/wp-json\/wp\/v2\/pages\/46\/revisions"}],"predecessor-version":[{"id":815,"href":"https:\/\/sorocaba.sp.gov.br\/obras\/wp-json\/wp\/v2\/pages\/46\/revisions\/815"}],"wp:attachment":[{"href":"https:\/\/sorocaba.sp.gov.br\/obras\/wp-json\/wp\/v2\/media?parent=46"}],"curies":[{"name":"wp","href":"https:\/\/api.w.org\/{rel}","templated":true}]}}