{"id":124,"date":"2015-04-30T15:35:18","date_gmt":"2015-04-30T18:35:18","guid":{"rendered":"http:\/\/sorocaba.sp.gov.br\/ppp\/?page_id=124"},"modified":"2015-05-27T16:47:32","modified_gmt":"2015-05-27T19:47:32","slug":"residuos-solidos","status":"publish","type":"page","link":"https:\/\/sorocaba.sp.gov.br\/ppp\/residuos-solidos\/","title":{"rendered":"Gest\u00e3o Integrada de Res\u00edduos S\u00f3lidos"},"content":{"rendered":"<p>Ao longo dos \u00faltimos anos, o Munic\u00edpio de Sorocaba vem passando por robusto processo de crescimento e desenvolvimento econ\u00f4mico que tem atra\u00eddo empres\u00e1rios e trabalhadores em decorr\u00eancia das novas oportunidades geradas. Este fato, por sua vez, resulta em processo de transforma\u00e7\u00e3o econ\u00f4mica, social, urbana e demogr\u00e1fica, o qual exige ado\u00e7\u00e3o de pol\u00edticas p\u00fablicas adequadas. Diante desse cen\u00e1rio de transforma\u00e7\u00f5es, aliado \u00e0s mudan\u00e7as de h\u00e1bitos de consumo da popula\u00e7\u00e3o ao longo dos \u00faltimos anos, torna-se imperativa a ado\u00e7\u00e3o de pol\u00edticas p\u00fablicas no sentido de garantir a gest\u00e3o adequada da limpeza urbana e do manejo dos res\u00edduos s\u00f3lidos. <\/p>\n<p>Atualmente, Sorocaba gera, em m\u00e9dia, 19.000 toneladas de res\u00edduos s\u00f3lidos urbanos por m\u00eas, o que representa 634 toneladas diariamente. Os res\u00edduos s\u00f3lidos urbanos referem-se aos res\u00edduos domiciliares, al\u00e9m dos res\u00edduos de limpeza urbana, dos res\u00edduos de estabelecimentos comerciais e prestadores de servi\u00e7os, bem como dos res\u00edduos de capina e poda. Notadamente, no que diz respeito aos res\u00edduos s\u00f3lidos domiciliares, 99,92% da popula\u00e7\u00e3o \u00e9 atendida pelo servi\u00e7o de coleta regular de lixo. Ademais, do montante de res\u00edduos s\u00f3lidos gerados, aproximadamente 2% s\u00e3o reciclados. Com base nesse quadro, a Prefeitura Municipal de Sorocaba pretende implantar, por meio de PPP, a Gest\u00e3o Integrada de Res\u00edduos S\u00f3lidos &#8211; presta\u00e7\u00e3o de servi\u00e7os de limpeza urbana e de manejo de res\u00edduos s\u00f3lidos domiciliares, urbanos e os origin\u00e1rios dos servi\u00e7os p\u00fablicos de limpeza p\u00fablica urbana. Nesse sentido, o projeto dever\u00e1 contemplar as atividades de coleta regular e coleta seletiva, transbordo, transporte, destina\u00e7\u00e3o final ambientalmente adequada, varri\u00e7\u00e3o e limpeza, em vias e logradouros p\u00fablicos e outros eventuais servi\u00e7os pertinentes, bem como a constru\u00e7\u00e3o e implanta\u00e7\u00e3o de central de tratamento, valoriza\u00e7\u00e3o e disposi\u00e7\u00e3o final de res\u00edduos.<\/p>\n<p><strong><br \/>\n<a href=\"http:\/\/sorocaba.sp.gov.br\/ppp\/wp-content\/uploads\/sites\/14\/2015\/04\/comunicado-de-suspensao-rs.docx\">Comunicado de suspens\u00e3o das autoriza\u00e7\u00f5es dos estudos para os res\u00edduos s\u00f3lidos<\/a><\/strong><\/p>\n","protected":false},"excerpt":{"rendered":"<p>Ao longo dos \u00faltimos anos, o Munic\u00edpio de Sorocaba vem passando por robusto processo de crescimento e desenvolvimento econ\u00f4mico que tem atra\u00eddo empres\u00e1rios e trabalhadores em decorr\u00eancia das novas oportunidades geradas. Este fato, por sua vez, resulta em processo de transforma\u00e7\u00e3o econ\u00f4mica, social, urbana e demogr\u00e1fica, o qual exige ado\u00e7\u00e3o de pol\u00edticas p\u00fablicas adequadas. Diante&nbsp; <a href=\"https:\/\/sorocaba.sp.gov.br\/ppp\/residuos-solidos\/\">&hellip; Leia mais<\/a><\/p>\n","protected":false},"author":2,"featured_media":0,"parent":0,"menu_order":0,"comment_status":"open","ping_status":"open","template":"","meta":{"footnotes":""},"class_list":["post-124","page","type-page","status-publish","hentry"],"_links":{"self":[{"href":"https:\/\/sorocaba.sp.gov.br\/ppp\/wp-json\/wp\/v2\/pages\/124","targetHints":{"allow":["GET"]}}],"collection":[{"href":"https:\/\/sorocaba.sp.gov.br\/ppp\/wp-json\/wp\/v2\/pages"}],"about":[{"href":"https:\/\/sorocaba.sp.gov.br\/ppp\/wp-json\/wp\/v2\/types\/page"}],"author":[{"embeddable":true,"href":"https:\/\/sorocaba.sp.gov.br\/ppp\/wp-json\/wp\/v2\/users\/2"}],"replies":[{"embeddable":true,"href":"https:\/\/sorocaba.sp.gov.br\/ppp\/wp-json\/wp\/v2\/comments?post=124"}],"version-history":[{"count":10,"href":"https:\/\/sorocaba.sp.gov.br\/ppp\/wp-json\/wp\/v2\/pages\/124\/revisions"}],"predecessor-version":[{"id":143,"href":"https:\/\/sorocaba.sp.gov.br\/ppp\/wp-json\/wp\/v2\/pages\/124\/revisions\/143"}],"wp:attachment":[{"href":"https:\/\/sorocaba.sp.gov.br\/ppp\/wp-json\/wp\/v2\/media?parent=124"}],"curies":[{"name":"wp","href":"https:\/\/api.w.org\/{rel}","templated":true}]}}