{"id":19,"date":"2015-01-19T10:29:25","date_gmt":"2015-01-19T12:29:25","guid":{"rendered":"http:\/\/sorocaba.sp.gov.br\/ppp\/?page_id=19"},"modified":"2015-12-08T11:49:29","modified_gmt":"2015-12-08T13:49:29","slug":"brt-onibus-rapido","status":"publish","type":"page","link":"https:\/\/sorocaba.sp.gov.br\/ppp\/brt-onibus-rapido\/","title":{"rendered":"BRT \u2013 \u00d4nibus R\u00e1pido"},"content":{"rendered":"<div style=\"float: right; margin: 0px 0px 10px 10px;\">\n<p><a href=\"http:\/\/servicos.sorocaba.sp.gov.br\/licitacao\/publicacao\/#?filter_fields=descricaoObjeto%25brt\" target=\"_blank\"><button class=\"btn btn-primary btn-lg\" type=\"button\">Concorr\u00eancia Internacional<br \/>\n<span style=\"font-size: 12px;\">Edital e anexos<br \/>\nClique aqui<\/span><\/button><\/a><\/p>\n<\/div>\n<p>Visando melhorar o transporte coletivo, permitindo aos cidad\u00e3os se deslocarem com mais rapidez, conforto e seguran\u00e7a, a Prefeitura de Sorocaba vai implantar o sistema BRT \u2013 \u00d4nibus R\u00e1pido (Bus Rapid Tr\u00e2nsito, na sigla em ingl\u00eas).<\/p>\n<p>Para viabilizar o projeto, o Munic\u00edpio obteve um financiamento de aproximadamente R$ 133,9 milh\u00f5es do Governo Federal, por meio do programa Pr\u00f3-Transporte &#8211; Mobilidade M\u00e9dias Cidades, do Minist\u00e9rio das Cidades, obtidos por sele\u00e7\u00e3o do Programa de Acelera\u00e7\u00e3o do Crescimento (PAC 2).<\/p>\n<p>Com os recursos, a Prefeitura vai implantar as duas primeiras linhas do BRT \u2013 \u00d4nibus R\u00e1pido, a Norte-Sul e a Leste-Oeste. O estudo preliminar da Urbes prev\u00ea a implanta\u00e7\u00e3o de 35 quil\u00f4metros, para a circula\u00e7\u00e3o do BRT dentro de quatro principais corredores da cidade.<\/p>\n<p>Do total, 20,3 quil\u00f4metros ser\u00e3o corredores exclusivos para \u00f4nibus, com desembarque em n\u00edvel pela esquerda do coletivo, junto ao canteiro central, onde ser\u00e3o instaladas as esta\u00e7\u00f5es. Outros 14,7 quil\u00f4metros ser\u00e3o de faixas exclusivas, com desembarque \u00e0 direita pela escada, nos pontos normais (como os atuais).<\/p>\n<p>A linha Norte-Sul ter\u00e1 eixos em corredores que percorrer\u00e3o as Avenidas Itavuvu e Ipanema (desembarque em n\u00edvel pela esquerda dos coletivos) e depois as faixas pela direita das Ruas Comendador Oeterer e Hermelino Matarazzo at\u00e9 o Terminal Santo Ant\u00f4nio, seguindo em faixas exclusivas at\u00e9 a Avenida Ant\u00f4nio Carlos Comitre.<\/p>\n<p>J\u00e1 a linha Leste-Oeste ter\u00e1 corredor pela Avenida S\u00e3o Paulo e seguir\u00e1 at\u00e9 o Terminal S\u00e3o Paulo e depois, em faixas exclusivas pelo Centro, e Avenidas General Carneiro e Armando Pannunzio, nesta em corredor com desembarque em n\u00edvel pela esquerda.<\/p>\n<p>A previs\u00e3o \u00e9 de que entre 150 mil e 180 mil usu\u00e1rios do transporte coletivo poder\u00e3o ser atendidos pelo sistema alimentador diariamente e o tempo de viagem ter\u00e1 uma redu\u00e7\u00e3o da ordem de 20%.<\/p>\n<p>Al\u00e9m disso, para maior rapidez, os BRTs ter\u00e3o pontos de paradas reduzidos especialmente nas esta\u00e7\u00f5es em n\u00edvel, instaladas nos canteiros centrais.<\/p>\n<p>O BRT funcionar\u00e1 em conjunto ao modelo atual, permitindo integra\u00e7\u00e3o aos Terminais Santo Ant\u00f4nio e S\u00e3o Paulo, \u00e0s seis \u00c1reas de Transfer\u00eancias e a integra\u00e7\u00e3o temporal entre diferentes linhas com o pagamento de uma \u00fanica.<\/p>\n<p>&nbsp;<\/p>\n<p><strong><a href=\"http:\/\/sorocaba.sp.gov.br\/ppp\/wp-content\/uploads\/sites\/14\/2015\/01\/apresentacao-brt.pdf\" target=\"_blank\">Apresenta\u00e7\u00e3o &#8211; BRT<\/a><\/strong><\/p>\n<h3>Minuta de Edital &#8211; Novembro\/2015<\/h3>\n<ul>\n<li><a href=\"http:\/\/sorocaba.sp.gov.br\/ppp\/wp-content\/uploads\/sites\/14\/2015\/11\/Edital_BRT_20151116.pdf\">Edital_BRT_20151116<\/a><\/li>\n<li><a href=\"http:\/\/sorocaba.sp.gov.br\/ppp\/wp-content\/uploads\/sites\/14\/2015\/11\/ANEXO_I_Descri\u00e7\u00e3o-do-Empreendimento.pdf\">ANEXO_I_Descri\u00e7\u00e3o do Empreendimento<\/a><\/li>\n<li><a href=\"http:\/\/sorocaba.sp.gov.br\/ppp\/wp-content\/uploads\/sites\/14\/2015\/11\/ANEXO_II_Diretrizes-de-Engenharia-Todos-Volumes_20151116.pdf\">ANEXO_II_Diretrizes de Engenharia &#8211; Todos Volumes_20151116<\/a><\/li>\n<li><a href=\"http:\/\/sorocaba.sp.gov.br\/ppp\/wp-content\/uploads\/sites\/14\/2015\/11\/ANEXO_III_Desempenho-Todos-volumes.pdf\">ANEXO_III_Desempenho &#8211; Todos volumes<\/a><\/li>\n<li><a href=\"http:\/\/sorocaba.sp.gov.br\/ppp\/wp-content\/uploads\/sites\/14\/2015\/11\/ANEXO_IV_Indicadores-de-Desempenho-Todos-Volumes.pdf\">ANEXO_IV_Indicadores de Desempenho &#8211; Todos Volumes<\/a><\/li>\n<li><a href=\"http:\/\/sorocaba.sp.gov.br\/ppp\/wp-content\/uploads\/sites\/14\/2015\/11\/ANEXO_V_C\u00e1lculo_Taxa_Remunera\u00e7\u00e3o.pdf\">ANEXO_V_C\u00e1lculo_Taxa_Remunera\u00e7\u00e3o<\/a><\/li>\n<li><a href=\"http:\/\/sorocaba.sp.gov.br\/ppp\/wp-content\/uploads\/sites\/14\/2015\/11\/ANEXO_VI_Mecanismo-de-Arrecada\u00e7\u00e3o-e-Pagamento-da-Tarifa.pdf\">ANEXO_VI_Mecanismo de Arrecada\u00e7\u00e3o e Pagamento da Tarifa<\/a><\/li>\n<li><a href=\"http:\/\/sorocaba.sp.gov.br\/ppp\/wp-content\/uploads\/sites\/14\/2015\/11\/ANEXO_VII_Cronograma_Cumprimento_Obriga\u00e7\u00e3o_Subven\u00e7\u00e3o_Investimentos.pdf\">ANEXO_VII_Cronograma_Cumprimento_Obriga\u00e7\u00e3o_Subven\u00e7\u00e3o_Investimentos<\/a><\/li>\n<li><a href=\"http:\/\/sorocaba.sp.gov.br\/ppp\/wp-content\/uploads\/sites\/14\/2015\/11\/ANEXO_XIII_Carta_Fian\u00e7a_Banc\u00e1ria.pdf\">ANEXO_XIII_Carta_Fian\u00e7a_Banc\u00e1ria<\/a><\/li>\n<li><a href=\"http:\/\/sorocaba.sp.gov.br\/ppp\/wp-content\/uploads\/sites\/14\/2015\/11\/ANEXO_IX_Contrato_BRT_20151116.pdf\">ANEXO_IX_Contrato_BRT_20151116<\/a><\/li>\n<li><a href=\"http:\/\/sorocaba.sp.gov.br\/ppp\/wp-content\/uploads\/sites\/14\/2015\/11\/ANEXO_X_Proposta_Pre\u00e7o_20151116.pdf\">ANEXO_X_Proposta_Pre\u00e7o_20151116<\/a><\/li>\n<li><a href=\"http:\/\/sorocaba.sp.gov.br\/ppp\/wp-content\/uploads\/sites\/14\/2015\/11\/ANEXO_XI_Diretrizes_Plano_Neg\u00f3cios.pdf\">ANEXO_XI_Diretrizes_Plano_Neg\u00f3cios<\/a><\/li>\n<li><a href=\"http:\/\/sorocaba.sp.gov.br\/ppp\/wp-content\/uploads\/sites\/14\/2015\/11\/ANEXO_XII_Carta_Credenciamento.pdf\">ANEXO_XII_Carta_Credenciamento<\/a><\/li>\n<li><a href=\"http:\/\/sorocaba.sp.gov.br\/ppp\/wp-content\/uploads\/sites\/14\/2015\/11\/ANEXO_XIII_Carta_Fian\u00e7a_Banc\u00e1ria.pdf\">ANEXO_XIII_Carta_Fian\u00e7a_Banc\u00e1ria<\/a><\/li>\n<li><a href=\"http:\/\/sorocaba.sp.gov.br\/ppp\/wp-content\/uploads\/sites\/14\/2015\/11\/ANEXO_XIV_Declara\u00e7\u00e3o_Cumprimento_Art.-7_Inciso-XXXIII-Constitui\u00e7\u00e3o-Federal.pdf\">ANEXO_XIV_Declara\u00e7\u00e3o_Cumprimento_Art. 7_Inciso XXXIII Constitui\u00e7\u00e3o Federal<\/a><\/li>\n<li><a href=\"http:\/\/sorocaba.sp.gov.br\/ppp\/wp-content\/uploads\/sites\/14\/2015\/11\/ANEXO_XV_Declara\u00e7\u00e3o_Inexist\u00eancia_Processo_Falimentar.pdf\">ANEXO_XV_Declara\u00e7\u00e3o_Inexist\u00eancia_Processo_Falimentar<\/a><\/li>\n<li><a href=\"http:\/\/sorocaba.sp.gov.br\/ppp\/wp-content\/uploads\/sites\/14\/2015\/11\/ANEXO_XVI_Declara\u00e7\u00e3o_Inexist\u00eancia_Fato_Impeditivo.pdf\">ANEXO_XVI_Declara\u00e7\u00e3o_Inexist\u00eancia_Fato_Impeditivo<\/a><\/li>\n<li><a href=\"http:\/\/sorocaba.sp.gov.br\/ppp\/wp-content\/uploads\/sites\/14\/2015\/11\/ANEXO_XVII_Termo_Aceite_Condi\u00e7\u00f5es_Edital.pdf\">ANEXO_XVII_Termo_Aceite_Condi\u00e7\u00f5es_Edital<\/a><\/li>\n<li><a href=\"http:\/\/sorocaba.sp.gov.br\/ppp\/wp-content\/uploads\/sites\/14\/2015\/11\/ANEXO_XVIII_Declara\u00e7\u00e3o_Capacidade-Financeira.pdf\">ANEXO_XVIII_Declara\u00e7\u00e3o_Capacidade Financeira<\/a><\/li>\n<li><a href=\"http:\/\/sorocaba.sp.gov.br\/ppp\/wp-content\/uploads\/sites\/14\/2015\/11\/ANEXO_XIX_Termo_Ci\u00eancia_e_Notifica\u00e7\u00e3o.pdf\">ANEXO_XIX_Termo_Ci\u00eancia_e_Notifica\u00e7\u00e3o<\/a><\/li>\n<li><a href=\"http:\/\/sorocaba.sp.gov.br\/ppp\/wp-content\/uploads\/sites\/14\/2015\/11\/ANEXO_XX_Modelo_Fian\u00e7a_Banc\u00e1ria_Para_Presta\u00e7\u00e3o_de_Garantia_de_Execu\u00e7\u00e3o.pdf\">ANEXO_XX_Modelo_Fian\u00e7a_Banc\u00e1ria_Para_Presta\u00e7\u00e3o_de_Garantia_de_Execu\u00e7\u00e3o<\/a><\/li>\n<li><a href=\"http:\/\/sorocaba.sp.gov.br\/ppp\/wp-content\/uploads\/sites\/14\/2015\/11\/ANEXO_XXI_Atestado_Visita_T\u00e9cnica.pdf\">ANEXO_XXI_Atestado_Visita_T\u00e9cnica<\/a><\/li>\n<li><a href=\"http:\/\/sorocaba.sp.gov.br\/ppp\/wp-content\/uploads\/sites\/14\/2015\/11\/ANEXO_XXII_Desapropriacoes_20151116.pdf\">ANEXO_XXII_Desapropriacoes_20151116<\/a><\/li>\n<li><a href=\"http:\/\/sorocaba.sp.gov.br\/ppp\/wp-content\/uploads\/sites\/14\/2015\/11\/ANEXO_XXIII_Declara\u00e7\u00e3o_Inexist\u00eancia_de_Fato_Impeditivo_aos_Diretores.pdf\">ANEXO_XXIII_Declara\u00e7\u00e3o_Inexist\u00eancia_de_Fato_Impeditivo_aos_Diretores<\/a><\/li>\n<li><a href=\"http:\/\/sorocaba.sp.gov.br\/ppp\/wp-content\/uploads\/sites\/14\/2015\/11\/Estudos.pdf\">Estudos<\/a><\/li>\n<li><a href=\"http:\/\/sorocaba.sp.gov.br\/ppp\/brt-estudos-complementares-diretrizes-de-engenharia\/\">Estudos Complementares (Diretrizes de Engenharia)<\/a><\/li>\n<\/ul>\n<h3>Edital de Chamamento<\/h3>\n<p><strong><a href=\"http:\/\/sorocaba.sp.gov.br\/ppp\/wp-content\/uploads\/sites\/14\/2015\/01\/edital-brt.pdf\" target=\"_blank\">Edital &#8211; BRT<\/a><\/strong><\/p>\n<p>A Prefeitura publicou os editais de chamamento referentes ao Hospital de Cl\u00ednicas de Sorocaba e o BRT &#8211; \u00d4nibus R\u00e1pido na edi\u00e7\u00e3o do Jornal Munic\u00edpio de Sorocaba do dia 27 de dezembro de 2013.<\/p>\n<p>Algumas empresas se habilitaram e, desde o dia 15 de janeiro de 2014, est\u00e3o autorizadas a realizar os estudos para os dois projetos. Desses grupos que responderam ao edital de chamamento, seis desenvolver\u00e3o estudos relacionados ao sistema BRT e oito do Hospital de Cl\u00ednicas.<\/p>\n<p>As empresas autorizadas a elaborar os estudos do BRT (Edital 001\/2013) foram as seguintes:<\/p>\n<ul>\n<li>Cons\u00f3rcio Sorocaba,<\/li>\n<li>Creta Planejamento,<\/li>\n<li>Ellenco Constru\u00e7\u00f5es Ltda.,<\/li>\n<li>KPMG Structured Finance S.A ,<\/li>\n<li>Proficenter Constru\u00e7\u00f5es Ltda., e<\/li>\n<li>Promon Engenharia Ltda.<\/li>\n<\/ul>\n<ul>\n<li><a href=\"http:\/\/sorocaba.sp.gov.br\/ppp\/wp-content\/uploads\/sites\/14\/2015\/01\/Chamamento-_Publico_BRT-000-15-aprofundamento-estudos.doc\">Chamamento _Publico_BRT 000 15 aprofundamento estudos<\/a><\/li>\n<li><a href=\"http:\/\/sorocaba.sp.gov.br\/ppp\/wp-content\/uploads\/sites\/14\/2015\/01\/consolidado_21.01.15.pdf\">consolidado_21.01.15<\/a><\/li>\n<\/ul>\n<h3>Atos Oficiais<\/h3>\n<ul>\n<li><a href=\"http:\/\/sorocaba.sp.gov.br\/ppp\/wp-content\/uploads\/sites\/14\/2015\/01\/ata-1-reuniao-tecnica-brt.pdf\" target=\"_blank\">Ata &#8211; 1\u00aa Reuni\u00e3o T\u00e9cnica &#8211; BRT<\/a><\/li>\n<li><a href=\"http:\/\/sorocaba.sp.gov.br\/ppp\/wp-content\/uploads\/sites\/14\/2015\/01\/ata-2-reuniao-tecnica-brt.pdf\" target=\"_blank\">Ata &#8211; 2\u00aa Reuni\u00e3o T\u00e9cnica &#8211; BRT<\/a><\/li>\n<li><a href=\"http:\/\/sorocaba.sp.gov.br\/ppp\/wp-content\/uploads\/sites\/14\/2015\/01\/ata-3-reuniao-tecnica-brt.pdf\" target=\"_blank\">Ata &#8211; 3\u00aa Reuni\u00e3o T\u00e9cnica &#8211; BRT<\/a><\/li>\n<li><a href=\"http:\/\/sorocaba.sp.gov.br\/ppp\/wp-content\/uploads\/sites\/14\/2015\/01\/ata-4-reuniao-tecnica-brt.pdf\" target=\"_blank\">Ata &#8211; 4\u00aa Reuni\u00e3o T\u00e9cnica &#8211; BRT<\/a><\/li>\n<li><a href=\"http:\/\/sorocaba.sp.gov.br\/ppp\/wp-content\/uploads\/sites\/14\/2015\/01\/ata-5-reuniao-tecnica-brt-proficenter-rev-mkd.pdf\" target=\"_blank\">Ata &#8211; 5\u00aa Reuni\u00e3o T\u00e9cnica &#8211; BRT<\/a><\/li>\n<li><a href=\"http:\/\/sorocaba.sp.gov.br\/ppp\/wp-content\/uploads\/sites\/14\/2015\/01\/ata-6-reuniao-tecnica-brt-consor.pdf\" target=\"_blank\">Ata &#8211; 6\u00aa Reuni\u00e3o T\u00e9cnica &#8211; BRT<\/a><\/li>\n<li><a href=\"http:\/\/sorocaba.sp.gov.br\/ppp\/wp-content\/uploads\/sites\/14\/2015\/01\/ata-7-reuniao-tecnica-brt-kpmg-rev-mhm.pdf\" target=\"_blank\">Ata &#8211; 7\u00aa Reuni\u00e3o T\u00e9cnica &#8211; BRT<\/a><\/li>\n<li><a href=\"http:\/\/sorocaba.sp.gov.br\/ppp\/wp-content\/uploads\/sites\/14\/2015\/01\/comunicado-7-de-marco-de-2014.pdf\" target=\"_blank\">Comunicado &#8211; 7 de mar\u00e7o de 2014<\/a><\/li>\n<li><a href=\"http:\/\/sorocaba.sp.gov.br\/ppp\/wp-content\/uploads\/sites\/14\/2015\/01\/oficio-sef-uppp-20-2014-e-021-2014.pdf\" target=\"_blank\">Of\u00edcio SEF\/UPPP n.\u00ba 20\/2014 e 021\/2014<\/a><\/li>\n<li><a href=\"http:\/\/sorocaba.sp.gov.br\/ppp\/wp-content\/uploads\/sites\/14\/2015\/01\/Anexos-oficios-20-e-21.pdf\" target=\"_blank\">Anexos I e II (Of\u00edcio SEF\/UPPP n.\u00ba 20\/2014 e 021\/2014)<\/a><\/li>\n<\/ul>\n<h3>Audi\u00eancias P\u00fablicas<\/h3>\n<ul>\n<li><a href=\"http:\/\/sorocaba.sp.gov.br\/ppp\/wp-content\/uploads\/sites\/14\/2015\/01\/Ata-Audiencia-Publica-BRT-nov-15.pdf\">Ata Audiencia Publica BRT &#8211; nov 15<\/a><\/li>\n<li><a href=\"http:\/\/sorocaba.sp.gov.br\/ppp\/wp-content\/uploads\/sites\/14\/2015\/01\/Lista-de-Presen\u00e7a-Empresas-Entidades-Audi\u00eancia-P\u00fablica-BRT-2015.pdf\">Lista de Presen\u00e7a Empresas Entidades Audi\u00eancia P\u00fablica BRT 2015<\/a><\/li>\n<li><a href=\"http:\/\/sorocaba.sp.gov.br\/ppp\/wp-content\/uploads\/sites\/14\/2015\/12\/Apresenta%C3%A7%C3%A3o-Audi%C3%AAncia-P%C3%BAblica-BRT-18-11-2015.pdf\">Apresenta\u00e7\u00e3o &#8211; Audi\u00eancia P\u00fablica BRT &#8211; 18.11.2015<\/a><\/li>\n<li><a href=\"http:\/\/sorocaba.sp.gov.br\/ppp\/wp-content\/uploads\/sites\/14\/2015\/11\/Regulamento-Audi\u00eancia-P\u00fablica-BRT-2015.pdf\">Regulamento Audi\u00eancia P\u00fablica BRT 2015<\/a><\/li>\n<li><a href=\"http:\/\/sorocaba.sp.gov.br\/ppp\/wp-content\/uploads\/sites\/14\/2015\/01\/aundiencia-publica-convocacao-07-10-2014-brt.pdf\" target=\"_blank\">Audi\u00eancia P\u00fablica &#8211; Convoca\u00e7\u00e3o &#8211; 07-10-2014 &#8211; BRT (suspensa)<\/a><\/li>\n<li><a href=\"http:\/\/sorocaba.sp.gov.br\/ppp\/wp-content\/uploads\/sites\/14\/2015\/01\/Suspensao-Audiencia-BRT.pdf\" target=\"_blank\">Aviso de SUSPENS\u00c3O da Audi\u00eancia P\u00fablica n\u00ba 002\/2014<\/a><\/li>\n<li><a href=\"http:\/\/sorocaba.sp.gov.br\/ppp\/wp-content\/uploads\/sites\/14\/2015\/01\/Aviso-de-Audiencia-n-002-2014-e-de-Realizacao-da-Consulta-Publica-n-002-2014.pdf\" target=\"_blank\">Aviso de Audi\u00eancia n\u00ba 002\/2014 e de Realiza\u00e7\u00e3o da Consulta P\u00fablica n\u00ba 002\/2014<\/a><\/li>\n<li><a href=\"http:\/\/sorocaba.sp.gov.br\/ppp\/wp-content\/uploads\/sites\/14\/2015\/01\/Audiencia-Publica-4nov2014-Regulamento-BRT.pdf\" target=\"_blank\">Regulamento da Audi\u00eancia P\u00fablica n\u00ba 002\/2014<\/a><\/li>\n<\/ul>\n<p>&nbsp;<\/p>\n<h3>Consulta\u00a0P\u00fablica<\/h3>\n<ul>\n<li><a href=\"http:\/\/sorocaba.sp.gov.br\/ppp\/wp-content\/uploads\/sites\/14\/2015\/01\/Comunicado-Consulta-P\u00fablica-001-15.docx\">Comunicado Consulta P\u00fablica 001-15<\/a><\/li>\n<\/ul>\n<p>&nbsp;<\/p>\n<p>&nbsp;<\/p>\n","protected":false},"excerpt":{"rendered":"<p>Concorr\u00eancia Internacional Edital e anexos Clique aqui Visando melhorar o transporte coletivo, permitindo aos cidad\u00e3os se deslocarem com mais rapidez, conforto e seguran\u00e7a, a Prefeitura de Sorocaba vai implantar o sistema BRT \u2013 \u00d4nibus R\u00e1pido (Bus Rapid Tr\u00e2nsito, na sigla em ingl\u00eas). Para viabilizar o projeto, o Munic\u00edpio obteve um financiamento de aproximadamente R$ 133,9&nbsp; <a href=\"https:\/\/sorocaba.sp.gov.br\/ppp\/brt-onibus-rapido\/\">&hellip; Leia mais<\/a><\/p>\n","protected":false},"author":2,"featured_media":0,"parent":0,"menu_order":0,"comment_status":"open","ping_status":"open","template":"","meta":{"footnotes":""},"class_list":["post-19","page","type-page","status-publish","hentry"],"_links":{"self":[{"href":"https:\/\/sorocaba.sp.gov.br\/ppp\/wp-json\/wp\/v2\/pages\/19","targetHints":{"allow":["GET"]}}],"collection":[{"href":"https:\/\/sorocaba.sp.gov.br\/ppp\/wp-json\/wp\/v2\/pages"}],"about":[{"href":"https:\/\/sorocaba.sp.gov.br\/ppp\/wp-json\/wp\/v2\/types\/page"}],"author":[{"embeddable":true,"href":"https:\/\/sorocaba.sp.gov.br\/ppp\/wp-json\/wp\/v2\/users\/2"}],"replies":[{"embeddable":true,"href":"https:\/\/sorocaba.sp.gov.br\/ppp\/wp-json\/wp\/v2\/comments?post=19"}],"version-history":[{"count":25,"href":"https:\/\/sorocaba.sp.gov.br\/ppp\/wp-json\/wp\/v2\/pages\/19\/revisions"}],"predecessor-version":[{"id":220,"href":"https:\/\/sorocaba.sp.gov.br\/ppp\/wp-json\/wp\/v2\/pages\/19\/revisions\/220"}],"wp:attachment":[{"href":"https:\/\/sorocaba.sp.gov.br\/ppp\/wp-json\/wp\/v2\/media?parent=19"}],"curies":[{"name":"wp","href":"https:\/\/api.w.org\/{rel}","templated":true}]}}