{"id":22,"date":"2015-01-19T10:29:56","date_gmt":"2015-01-19T12:29:56","guid":{"rendered":"http:\/\/sorocaba.sp.gov.br\/ppp\/?page_id=22"},"modified":"2016-11-07T12:22:53","modified_gmt":"2016-11-07T14:22:53","slug":"hospital-de-clinicas-de-sorocaba","status":"publish","type":"page","link":"https:\/\/sorocaba.sp.gov.br\/ppp\/hospital-de-clinicas-de-sorocaba\/","title":{"rendered":"Hospital de Cl\u00ednicas de Sorocaba"},"content":{"rendered":"<div style=\"float: right; margin: 0px 0px 10px 10px;\" align=\"center\"><a href=\"http:\/\/servicos.sorocaba.sp.gov.br\/ppp\/#cadastro\/hcs\" target=\"_blank\"><button class=\"btn btn-danger btn-lg\" type=\"button\">Consulta P\u00fablica<br \/>\n<span style=\"font-size: 12px;\">Clique aqui<\/span><\/button><\/a><br \/>\n<span style=\"font-size: 10px;\">Encerrada em 03\/10\/2014 00:00<\/span><\/div>\n<p>O Hospital de Cl\u00ednicas de Sorocaba ser\u00e1 constru\u00eddo na Zona Norte, regi\u00e3o mais populosa da cidade, e beneficiar\u00e1 o sistema p\u00fablico de sa\u00fade como um todo, pois ajudar\u00e1 desafogar os atendimentos nas demais unidades de urg\u00eancia e emerg\u00eancia 24 horas.<\/p>\n<p>Com 200 leitos, at\u00e9 2016, a unidade disponibilizar\u00e1 servi\u00e7os de Ortopedia e Traumatologia, Neurocirurgia, Cirurgia Geral e do Trauma, atendimento materno-infantil e aten\u00e7\u00e3o a casos de m\u00e9dia complexidade.<\/p>\n<p>O Hospital de Cl\u00ednicas de Sorocaba se localizar\u00e1 em um terreno de 36 mil m\u00b2 na Avenida Ipanema, n\u00ba 5.001, Jardim Beth\u00e2nia \u2013 na antiga garagem da TCS. A Prefeitura desapropriou pelo valor de R$ 13,6 milh\u00f5es.<\/p>\n<p>&nbsp;<\/p>\n<p><strong><a href=\"http:\/\/sorocaba.sp.gov.br\/ppp\/wp-content\/uploads\/sites\/14\/2015\/01\/apresentacao-hospital-de-clinicas-de-sorocaba.pdf\">Apresenta\u00e7\u00e3o &#8211; Hospital de Cl\u00ednicas de Sorocaba<\/a><\/strong><\/p>\n<p>&nbsp;<\/p>\n<h3>Licita\u00e7\u00e3o<\/h3>\n<ul>\n<li><a href=\"http:\/\/servicos.sorocaba.sp.gov.br\/licitacao\/publicacao\/#\/publicacao\/23760\/anexos?codigoProcesso=000152\/2015\" target=\"_blank\">Concorr\u00eancia 06\/2015<\/a><\/li>\n<\/ul>\n<p>&nbsp;<\/p>\n<h3>Edital de Chamamento<\/h3>\n<p><strong><a href=\"http:\/\/sorocaba.sp.gov.br\/ppp\/wp-content\/uploads\/sites\/14\/2015\/01\/edital-de-clinicas.pdf\" target=\"_blank\">Edital de Cl\u00ednicas<\/a> <\/strong><\/p>\n<p>A Prefeitura publicou os editais de chamamento referentes ao Hospital de Cl\u00ednicas de Sorocaba e o BRT &#8211; \u00d4nibus R\u00e1pido na edi\u00e7\u00e3o do Jornal Munic\u00edpio de Sorocaba do dia 27 de dezembro de 2013.<\/p>\n<p>Algumas empresas se habilitaram e, desde o dia 15 de janeiro de 2014, est\u00e3o autorizadas a realizar os estudos para os dois projetos. Desses grupos que responderam ao edital de chamamento, seis desenvolver\u00e3o estudos relacionados ao sistema BRT e oito do Hospital de Cl\u00ednicas.<\/p>\n<p>As empresas autorizadas a elaborar os estudos sobre o Hospital de Cl\u00ednicas (Edital 002\/2013) foram as seguintes:<\/p>\n<ul>\n<li>Abengoa Constru\u00e7\u00e3o Brasil Ltda,<\/li>\n<li>Construcap e BF Capital Assessoria Opera\u00e7\u00f5es Financeiras,<\/li>\n<li>IDOM Consultoria Ltda.,<\/li>\n<li>KPMG Structured Finance S.A,<\/li>\n<li>Proficenter Constru\u00e7\u00f5es Ltda,<\/li>\n<li>Mendes J\u00fanior Trading e Engenharia S.A,<\/li>\n<li>Construtora Norberto Odebrech, e<\/li>\n<li>Vivante S. A.<\/li>\n<\/ul>\n<p>&nbsp;<\/p>\n<h3>Atos Oficiais<\/h3>\n<ul>\n<li><a href=\"http:\/\/sorocaba.sp.gov.br\/ppp\/wp-content\/uploads\/sites\/14\/2015\/01\/ata-1-reuniao-tecnica-hospital-de-clinicas.pdf\" target=\"_blank\">Ata &#8211; 1\u00aa Reuni\u00e3o T\u00e9cnica &#8211; Hospital de Cl\u00ednicas<\/a><\/li>\n<li><a href=\"http:\/\/sorocaba.sp.gov.br\/ppp\/wp-content\/uploads\/sites\/14\/2015\/01\/ata-2-reuniao-tecnica-hospital-de-clinicas.pdf\" target=\"_blank\">Ata &#8211; 2\u00aa Reuni\u00e3o T\u00e9cnica &#8211; Hospital de Cl\u00ednicas<\/a><\/li>\n<li><a href=\"http:\/\/sorocaba.sp.gov.br\/ppp\/wp-content\/uploads\/sites\/14\/2015\/01\/ata-3-reuniao-tecnica-hospital-de-clinicas.pdf\" target=\"_blank\">Ata &#8211; 3\u00aa Reuni\u00e3o T\u00e9cnica &#8211; Hospital de Cl\u00ednicas<\/a><\/li>\n<li><a href=\"http:\/\/sorocaba.sp.gov.br\/ppp\/wp-content\/uploads\/sites\/14\/2015\/01\/ata-4-reuniao-tecnica-construcap-rev-mhm.pdf\" target=\"_blank\">Ata &#8211; 4\u00aa Reuni\u00e3o T\u00e9cnica &#8211; Hospital de Cl\u00ednicas<\/a><\/li>\n<li><a href=\"http:\/\/sorocaba.sp.gov.br\/ppp\/wp-content\/uploads\/sites\/14\/2015\/01\/1-comunicado-18-de-fevereiro-de-2014.pdf\" target=\"_blank\">Comunicado &#8211; 18 de fevereiro de 2014<\/a><\/li>\n<li><a href=\"http:\/\/sorocaba.sp.gov.br\/ppp\/wp-content\/uploads\/sites\/14\/2015\/01\/2-comunicado-24-de-fevereiro-prorrogacao-prazo-hospital.pdf\" target=\"_blank\">Comunicado &#8211; 24 de fevereiro de 2014<\/a><\/li>\n<li><a href=\"http:\/\/sorocaba.sp.gov.br\/ppp\/wp-content\/uploads\/sites\/14\/2015\/01\/chamamento-publico-n-2.pdf\" target=\"_blank\">Chamamento P\u00fablico n.\u00ba 2<\/a><\/li>\n<\/ul>\n<p>&nbsp;<\/p>\n<h3>Audi\u00eancias P\u00fablicas<\/h3>\n<ul>\n<li><a href=\"http:\/\/sorocaba.sp.gov.br\/ppp\/wp-content\/uploads\/sites\/14\/2015\/01\/audiencia-publica-01-de-setembro-de-2014.pdf\" target=\"_blank\">Audi\u00eancia P\u00fablica &#8211; 01 de setembro de 2014<\/a><\/li>\n<li><a href=\"http:\/\/sorocaba.sp.gov.br\/ppp\/wp-content\/uploads\/sites\/14\/2015\/01\/regulamento-audiencia-publica-hcs.pdf\" target=\"_blank\">Regulamento Audi\u00eancia P\u00fablica &#8211; Final<\/a><\/li>\n<\/ul>\n<p>&nbsp;<\/p>\n<h3>Consultas P\u00fablicas<\/h3>\n<ul>\n<li><a href=\"http:\/\/sorocaba.sp.gov.br\/ppp\/wp-content\/uploads\/sites\/14\/2015\/01\/aviso_consulta_publica_HCS_2014.pdf\" target=\"_blank\">Aviso de Consulta P\u00fablica<\/a><\/li>\n<\/ul>\n<p>&nbsp;<\/p>\n","protected":false},"excerpt":{"rendered":"<p>Consulta P\u00fablica Clique aqui Encerrada em 03\/10\/2014 00:00 O Hospital de Cl\u00ednicas de Sorocaba ser\u00e1 constru\u00eddo na Zona Norte, regi\u00e3o mais populosa da cidade, e beneficiar\u00e1 o sistema p\u00fablico de sa\u00fade como um todo, pois ajudar\u00e1 desafogar os atendimentos nas demais unidades de urg\u00eancia e emerg\u00eancia 24 horas. Com 200 leitos, at\u00e9 2016, a unidade&nbsp; <a href=\"https:\/\/sorocaba.sp.gov.br\/ppp\/hospital-de-clinicas-de-sorocaba\/\">&hellip; Leia mais<\/a><\/p>\n","protected":false},"author":2,"featured_media":0,"parent":0,"menu_order":0,"comment_status":"open","ping_status":"open","template":"","meta":{"footnotes":""},"class_list":["post-22","page","type-page","status-publish","hentry"],"_links":{"self":[{"href":"https:\/\/sorocaba.sp.gov.br\/ppp\/wp-json\/wp\/v2\/pages\/22","targetHints":{"allow":["GET"]}}],"collection":[{"href":"https:\/\/sorocaba.sp.gov.br\/ppp\/wp-json\/wp\/v2\/pages"}],"about":[{"href":"https:\/\/sorocaba.sp.gov.br\/ppp\/wp-json\/wp\/v2\/types\/page"}],"author":[{"embeddable":true,"href":"https:\/\/sorocaba.sp.gov.br\/ppp\/wp-json\/wp\/v2\/users\/2"}],"replies":[{"embeddable":true,"href":"https:\/\/sorocaba.sp.gov.br\/ppp\/wp-json\/wp\/v2\/comments?post=22"}],"version-history":[{"count":5,"href":"https:\/\/sorocaba.sp.gov.br\/ppp\/wp-json\/wp\/v2\/pages\/22\/revisions"}],"predecessor-version":[{"id":261,"href":"https:\/\/sorocaba.sp.gov.br\/ppp\/wp-json\/wp\/v2\/pages\/22\/revisions\/261"}],"wp:attachment":[{"href":"https:\/\/sorocaba.sp.gov.br\/ppp\/wp-json\/wp\/v2\/media?parent=22"}],"curies":[{"name":"wp","href":"https:\/\/api.w.org\/{rel}","templated":true}]}}